{"id":395,"date":"2024-10-17T14:57:00","date_gmt":"2024-10-17T12:57:00","guid":{"rendered":"https:\/\/www.luther.restaurant\/home-page\/"},"modified":"2025-01-11T23:03:35","modified_gmt":"2025-01-11T22:03:35","slug":"home-page","status":"publish","type":"page","link":"https:\/\/www.luther.restaurant\/en\/","title":{"rendered":"Home page"},"content":{"rendered":"<p>Alpenbrasserie Luther celebrates Austrian tradition with the charm of the Mediterranean. A culinary journey through regional classics and modern interpretations of dishes, refined with Mediterranean accents.<\/p>\n<p>&nbsp;<\/p>\n<h3><img loading=\"lazy\" decoding=\"async\" class=\"aligncenter wp-image-531\" src=\"https:\/\/www.luther.restaurant\/wp-content\/uploads\/2025\/01\/bulldog-300x300.png\" alt=\"\" width=\"50\" height=\"50\" srcset=\"https:\/\/www.luther.restaurant\/wp-content\/uploads\/2025\/01\/bulldog-300x300.png 300w, https:\/\/www.luther.restaurant\/wp-content\/uploads\/2025\/01\/bulldog-150x150.png 150w, https:\/\/www.luther.restaurant\/wp-content\/uploads\/2025\/01\/bulldog.png 512w\" sizes=\"auto, (max-width: 50px) 100vw, 50px\" \/><\/h3>\n<h3>We have to stay outside..<\/h3>\n<h6>We kindly ask for your understanding that, due to our open show kitchen and for hygiene reasons, dogs are not permitted to enter.<\/h6>\n","protected":false},"excerpt":{"rendered":"<p>Alpenbrasserie Luther celebrates Austrian tradition with the charm of the Mediterranean. A culinary journey through regional classics and modern interpretations of dishes, refined with Mediterranean accents. &nbsp; We have to stay outside.. We kindly ask for your understanding that, due to our open show kitchen and for hygiene reasons, dogs are not permitted to enter.<\/p>\n","protected":false},"author":1,"featured_media":361,"parent":0,"menu_order":0,"comment_status":"closed","ping_status":"closed","template":"templates\/home.php","meta":{"_acf_changed":false,"footnotes":""},"class_list":["post-395","page","type-page","status-publish","has-post-thumbnail","hentry"],"acf":[],"yoast_head":"<!-- This site is optimized with the Yoast SEO plugin v27.4 - https:\/\/yoast.com\/product\/yoast-seo-wordpress\/ -->\n<title>Luther Restaurant Schladming - Alpine pleasure, Mediterranean flair.<\/title>\n<meta name=\"description\" content=\"Welcome to Restaurant LUTHER Schladming! Enjoy our top food &amp; drinks in a cozy atmosphere - come &amp; let us spoil you!\" \/>\n<meta name=\"robots\" content=\"index, follow, max-snippet:-1, max-image-preview:large, max-video-preview:-1\" \/>\n<link rel=\"canonical\" href=\"https:\/\/www.luther.restaurant\/en\/\" \/>\n<meta property=\"og:locale\" content=\"en_US\" \/>\n<meta property=\"og:type\" content=\"article\" \/>\n<meta property=\"og:title\" content=\"Luther Restaurant Schladming - Alpine pleasure, Mediterranean flair.\" \/>\n<meta property=\"og:description\" content=\"Welcome to Restaurant LUTHER Schladming! Enjoy our top food &amp; drinks in a cozy atmosphere - come &amp; let us spoil you!\" \/>\n<meta property=\"og:url\" content=\"https:\/\/www.luther.restaurant\/en\/\" \/>\n<meta property=\"og:site_name\" content=\"Luther Restaurant Schladming - Alpiner Genuss, mediterraner Flair.\" \/>\n<meta property=\"article:modified_time\" content=\"2025-01-11T22:03:35+00:00\" \/>\n<meta property=\"og:image\" content=\"https:\/\/www.luther.restaurant\/wp-content\/uploads\/2024\/11\/titelbild_02-1024x607.jpg\" \/>\n<meta name=\"twitter:card\" content=\"summary_large_image\" \/>\n<meta name=\"twitter:label1\" content=\"Est. reading time\" \/>\n\t<meta name=\"twitter:data1\" content=\"1 minute\" \/>\n<script type=\"application\/ld+json\" class=\"yoast-schema-graph\">{\"@context\":\"https:\\\/\\\/schema.org\",\"@graph\":[{\"@type\":\"WebPage\",\"@id\":\"https:\\\/\\\/www.luther.restaurant\\\/en\\\/\",\"url\":\"https:\\\/\\\/www.luther.restaurant\\\/en\\\/\",\"name\":\"Luther Restaurant Schladming - Alpine pleasure, Mediterranean flair.\",\"isPartOf\":{\"@id\":\"https:\\\/\\\/www.luther.restaurant\\\/en\\\/#website\"},\"primaryImageOfPage\":{\"@id\":\"https:\\\/\\\/www.luther.restaurant\\\/en\\\/#primaryimage\"},\"image\":{\"@id\":\"https:\\\/\\\/www.luther.restaurant\\\/en\\\/#primaryimage\"},\"thumbnailUrl\":\"https:\\\/\\\/www.luther.restaurant\\\/wp-content\\\/uploads\\\/2024\\\/11\\\/titelbild_02.jpg\",\"datePublished\":\"2024-10-17T12:57:00+00:00\",\"dateModified\":\"2025-01-11T22:03:35+00:00\",\"description\":\"Welcome to Restaurant LUTHER Schladming! Enjoy our top food & drinks in a cozy atmosphere - come & let us spoil you!\",\"breadcrumb\":{\"@id\":\"https:\\\/\\\/www.luther.restaurant\\\/en\\\/#breadcrumb\"},\"inLanguage\":\"en-US\",\"potentialAction\":[{\"@type\":\"ReadAction\",\"target\":[\"https:\\\/\\\/www.luther.restaurant\\\/en\\\/\"]}]},{\"@type\":\"ImageObject\",\"inLanguage\":\"en-US\",\"@id\":\"https:\\\/\\\/www.luther.restaurant\\\/en\\\/#primaryimage\",\"url\":\"https:\\\/\\\/www.luther.restaurant\\\/wp-content\\\/uploads\\\/2024\\\/11\\\/titelbild_02.jpg\",\"contentUrl\":\"https:\\\/\\\/www.luther.restaurant\\\/wp-content\\\/uploads\\\/2024\\\/11\\\/titelbild_02.jpg\",\"width\":1768,\"height\":1048,\"caption\":\"LUTHER - Restaurant & Bar in Schladming\"},{\"@type\":\"BreadcrumbList\",\"@id\":\"https:\\\/\\\/www.luther.restaurant\\\/en\\\/#breadcrumb\",\"itemListElement\":[{\"@type\":\"ListItem\",\"position\":1,\"name\":\"Startseite\",\"item\":\"https:\\\/\\\/www.luther.restaurant\\\/en\\\/\"},{\"@type\":\"ListItem\",\"position\":2,\"name\":\"Home page\"}]},{\"@type\":\"WebSite\",\"@id\":\"https:\\\/\\\/www.luther.restaurant\\\/en\\\/#website\",\"url\":\"https:\\\/\\\/www.luther.restaurant\\\/en\\\/\",\"name\":\"Luther Restaurant\",\"description\":\"Gr\u00fc\u00df dich im Restaurant LUTHER Schladming! Genie\u00dfe unsere top Speisen &amp; Getr\u00e4nke in gem\u00fctlicher Atmosph\u00e4re - Komm &amp; lass dich verw\u00f6hnen!\",\"publisher\":{\"@id\":\"https:\\\/\\\/www.luther.restaurant\\\/en\\\/#organization\"},\"potentialAction\":[{\"@type\":\"SearchAction\",\"target\":{\"@type\":\"EntryPoint\",\"urlTemplate\":\"https:\\\/\\\/www.luther.restaurant\\\/en\\\/?s={search_term_string}\"},\"query-input\":{\"@type\":\"PropertyValueSpecification\",\"valueRequired\":true,\"valueName\":\"search_term_string\"}}],\"inLanguage\":\"en-US\"},{\"@type\":\"Organization\",\"@id\":\"https:\\\/\\\/www.luther.restaurant\\\/en\\\/#organization\",\"name\":\"Luther Restaurant\",\"url\":\"https:\\\/\\\/www.luther.restaurant\\\/en\\\/\",\"logo\":{\"@type\":\"ImageObject\",\"inLanguage\":\"en-US\",\"@id\":\"https:\\\/\\\/www.luther.restaurant\\\/en\\\/#\\\/schema\\\/logo\\\/image\\\/\",\"url\":\"https:\\\/\\\/www.luther.restaurant\\\/wp-content\\\/uploads\\\/2024\\\/10\\\/cropped-Luther_RGB.png\",\"contentUrl\":\"https:\\\/\\\/www.luther.restaurant\\\/wp-content\\\/uploads\\\/2024\\\/10\\\/cropped-Luther_RGB.png\",\"width\":512,\"height\":512,\"caption\":\"Luther Restaurant\"},\"image\":{\"@id\":\"https:\\\/\\\/www.luther.restaurant\\\/en\\\/#\\\/schema\\\/logo\\\/image\\\/\"}}]}<\/script>\n<!-- \/ Yoast SEO plugin. -->","yoast_head_json":{"title":"Luther Restaurant Schladming - Alpine pleasure, Mediterranean flair.","description":"Welcome to Restaurant LUTHER Schladming! Enjoy our top food & drinks in a cozy atmosphere - come & let us spoil you!","robots":{"index":"index","follow":"follow","max-snippet":"max-snippet:-1","max-image-preview":"max-image-preview:large","max-video-preview":"max-video-preview:-1"},"canonical":"https:\/\/www.luther.restaurant\/en\/","og_locale":"en_US","og_type":"article","og_title":"Luther Restaurant Schladming - Alpine pleasure, Mediterranean flair.","og_description":"Welcome to Restaurant LUTHER Schladming! Enjoy our top food & drinks in a cozy atmosphere - come & let us spoil you!","og_url":"https:\/\/www.luther.restaurant\/en\/","og_site_name":"Luther Restaurant Schladming - Alpiner Genuss, mediterraner Flair.","article_modified_time":"2025-01-11T22:03:35+00:00","og_image":[{"url":"https:\/\/www.luther.restaurant\/wp-content\/uploads\/2024\/11\/titelbild_02-1024x607.jpg","type":"","width":"","height":""}],"twitter_card":"summary_large_image","twitter_misc":{"Est. reading time":"1 minute"},"schema":{"@context":"https:\/\/schema.org","@graph":[{"@type":"WebPage","@id":"https:\/\/www.luther.restaurant\/en\/","url":"https:\/\/www.luther.restaurant\/en\/","name":"Luther Restaurant Schladming - Alpine pleasure, Mediterranean flair.","isPartOf":{"@id":"https:\/\/www.luther.restaurant\/en\/#website"},"primaryImageOfPage":{"@id":"https:\/\/www.luther.restaurant\/en\/#primaryimage"},"image":{"@id":"https:\/\/www.luther.restaurant\/en\/#primaryimage"},"thumbnailUrl":"https:\/\/www.luther.restaurant\/wp-content\/uploads\/2024\/11\/titelbild_02.jpg","datePublished":"2024-10-17T12:57:00+00:00","dateModified":"2025-01-11T22:03:35+00:00","description":"Welcome to Restaurant LUTHER Schladming! Enjoy our top food & drinks in a cozy atmosphere - come & let us spoil you!","breadcrumb":{"@id":"https:\/\/www.luther.restaurant\/en\/#breadcrumb"},"inLanguage":"en-US","potentialAction":[{"@type":"ReadAction","target":["https:\/\/www.luther.restaurant\/en\/"]}]},{"@type":"ImageObject","inLanguage":"en-US","@id":"https:\/\/www.luther.restaurant\/en\/#primaryimage","url":"https:\/\/www.luther.restaurant\/wp-content\/uploads\/2024\/11\/titelbild_02.jpg","contentUrl":"https:\/\/www.luther.restaurant\/wp-content\/uploads\/2024\/11\/titelbild_02.jpg","width":1768,"height":1048,"caption":"LUTHER - Restaurant & Bar in Schladming"},{"@type":"BreadcrumbList","@id":"https:\/\/www.luther.restaurant\/en\/#breadcrumb","itemListElement":[{"@type":"ListItem","position":1,"name":"Startseite","item":"https:\/\/www.luther.restaurant\/en\/"},{"@type":"ListItem","position":2,"name":"Home page"}]},{"@type":"WebSite","@id":"https:\/\/www.luther.restaurant\/en\/#website","url":"https:\/\/www.luther.restaurant\/en\/","name":"Luther Restaurant","description":"Gr\u00fc\u00df dich im Restaurant LUTHER Schladming! Genie\u00dfe unsere top Speisen &amp; Getr\u00e4nke in gem\u00fctlicher Atmosph\u00e4re - Komm &amp; lass dich verw\u00f6hnen!","publisher":{"@id":"https:\/\/www.luther.restaurant\/en\/#organization"},"potentialAction":[{"@type":"SearchAction","target":{"@type":"EntryPoint","urlTemplate":"https:\/\/www.luther.restaurant\/en\/?s={search_term_string}"},"query-input":{"@type":"PropertyValueSpecification","valueRequired":true,"valueName":"search_term_string"}}],"inLanguage":"en-US"},{"@type":"Organization","@id":"https:\/\/www.luther.restaurant\/en\/#organization","name":"Luther Restaurant","url":"https:\/\/www.luther.restaurant\/en\/","logo":{"@type":"ImageObject","inLanguage":"en-US","@id":"https:\/\/www.luther.restaurant\/en\/#\/schema\/logo\/image\/","url":"https:\/\/www.luther.restaurant\/wp-content\/uploads\/2024\/10\/cropped-Luther_RGB.png","contentUrl":"https:\/\/www.luther.restaurant\/wp-content\/uploads\/2024\/10\/cropped-Luther_RGB.png","width":512,"height":512,"caption":"Luther Restaurant"},"image":{"@id":"https:\/\/www.luther.restaurant\/en\/#\/schema\/logo\/image\/"}}]}},"_links":{"self":[{"href":"https:\/\/www.luther.restaurant\/en\/wp-json\/wp\/v2\/pages\/395","targetHints":{"allow":["GET"]}}],"collection":[{"href":"https:\/\/www.luther.restaurant\/en\/wp-json\/wp\/v2\/pages"}],"about":[{"href":"https:\/\/www.luther.restaurant\/en\/wp-json\/wp\/v2\/types\/page"}],"author":[{"embeddable":true,"href":"https:\/\/www.luther.restaurant\/en\/wp-json\/wp\/v2\/users\/1"}],"replies":[{"embeddable":true,"href":"https:\/\/www.luther.restaurant\/en\/wp-json\/wp\/v2\/comments?post=395"}],"version-history":[{"count":3,"href":"https:\/\/www.luther.restaurant\/en\/wp-json\/wp\/v2\/pages\/395\/revisions"}],"predecessor-version":[{"id":536,"href":"https:\/\/www.luther.restaurant\/en\/wp-json\/wp\/v2\/pages\/395\/revisions\/536"}],"wp:featuredmedia":[{"embeddable":true,"href":"https:\/\/www.luther.restaurant\/en\/wp-json\/wp\/v2\/media\/361"}],"wp:attachment":[{"href":"https:\/\/www.luther.restaurant\/en\/wp-json\/wp\/v2\/media?parent=395"}],"curies":[{"name":"wp","href":"https:\/\/api.w.org\/{rel}","templated":true}]}}