{"id":393,"date":"2024-10-26T14:22:44","date_gmt":"2024-10-26T12:22:44","guid":{"rendered":"https:\/\/www.luther.restaurant\/contact-us\/"},"modified":"2024-11-13T22:21:58","modified_gmt":"2024-11-13T21:21:58","slug":"contact-us","status":"publish","type":"page","link":"https:\/\/www.luther.restaurant\/en\/contact-us\/","title":{"rendered":"Contact us"},"content":{"rendered":"<p>Luther Alpenbrasserie &amp; Bar<br \/>\nHauptplatz 30, 8970 Schladming<br \/>\n<a href=\"mailto:office@luther.restaurant\">office@luther.restaurant<\/a><\/p>\n<p>&nbsp;<\/p>\n<h4>Opening hours<\/h4>\n<p>Tuesday to Thursday 12:00 &#8211; 24:00 Friday to Saturday 12:00 &#8211; 01:00<\/p>\n","protected":false},"excerpt":{"rendered":"<p>Luther Alpenbrasserie &amp; Bar Hauptplatz 30, 8970 Schladming office@luther.restaurant &nbsp; Opening hours Tuesday to Thursday 12:00 &#8211; 24:00 Friday to Saturday 12:00 &#8211; 01:00<\/p>\n","protected":false},"author":1,"featured_media":0,"parent":0,"menu_order":0,"comment_status":"closed","ping_status":"closed","template":"templates\/contact.php","meta":{"_acf_changed":false,"footnotes":""},"class_list":["post-393","page","type-page","status-publish","hentry"],"acf":[],"yoast_head":"<!-- This site is optimized with the Yoast SEO plugin v27.4 - https:\/\/yoast.com\/product\/yoast-seo-wordpress\/ -->\n<title>Contact us - Luther Restaurant Schladming - Alpiner Genuss, mediterraner Flair.<\/title>\n<meta name=\"robots\" content=\"index, follow, max-snippet:-1, max-image-preview:large, max-video-preview:-1\" \/>\n<link rel=\"canonical\" href=\"https:\/\/www.luther.restaurant\/en\/contact-us\/\" \/>\n<meta property=\"og:locale\" content=\"en_US\" \/>\n<meta property=\"og:type\" content=\"article\" \/>\n<meta property=\"og:title\" content=\"Contact us - Luther Restaurant Schladming - Alpiner Genuss, mediterraner Flair.\" \/>\n<meta property=\"og:description\" content=\"Luther Alpenbrasserie &amp; Bar Hauptplatz 30, 8970 Schladming office@luther.restaurant &nbsp; Opening hours Tuesday to Thursday 12:00 &#8211; 24:00 Friday to Saturday 12:00 &#8211; 01:00\" \/>\n<meta property=\"og:url\" content=\"https:\/\/www.luther.restaurant\/en\/contact-us\/\" \/>\n<meta property=\"og:site_name\" content=\"Luther Restaurant Schladming - Alpiner Genuss, mediterraner Flair.\" \/>\n<meta property=\"article:modified_time\" content=\"2024-11-13T21:21:58+00:00\" \/>\n<meta name=\"twitter:card\" content=\"summary_large_image\" \/>\n<meta name=\"twitter:label1\" content=\"Est. reading time\" \/>\n\t<meta name=\"twitter:data1\" content=\"1 minute\" \/>\n<script type=\"application\/ld+json\" class=\"yoast-schema-graph\">{\"@context\":\"https:\\\/\\\/schema.org\",\"@graph\":[{\"@type\":\"WebPage\",\"@id\":\"https:\\\/\\\/www.luther.restaurant\\\/en\\\/contact-us\\\/\",\"url\":\"https:\\\/\\\/www.luther.restaurant\\\/en\\\/contact-us\\\/\",\"name\":\"Contact us - Luther Restaurant Schladming - Alpiner Genuss, mediterraner Flair.\",\"isPartOf\":{\"@id\":\"https:\\\/\\\/www.luther.restaurant\\\/en\\\/#website\"},\"datePublished\":\"2024-10-26T12:22:44+00:00\",\"dateModified\":\"2024-11-13T21:21:58+00:00\",\"breadcrumb\":{\"@id\":\"https:\\\/\\\/www.luther.restaurant\\\/en\\\/contact-us\\\/#breadcrumb\"},\"inLanguage\":\"en-US\",\"potentialAction\":[{\"@type\":\"ReadAction\",\"target\":[\"https:\\\/\\\/www.luther.restaurant\\\/en\\\/contact-us\\\/\"]}]},{\"@type\":\"BreadcrumbList\",\"@id\":\"https:\\\/\\\/www.luther.restaurant\\\/en\\\/contact-us\\\/#breadcrumb\",\"itemListElement\":[{\"@type\":\"ListItem\",\"position\":1,\"name\":\"Startseite\",\"item\":\"https:\\\/\\\/www.luther.restaurant\\\/en\\\/\"},{\"@type\":\"ListItem\",\"position\":2,\"name\":\"Contact us\"}]},{\"@type\":\"WebSite\",\"@id\":\"https:\\\/\\\/www.luther.restaurant\\\/en\\\/#website\",\"url\":\"https:\\\/\\\/www.luther.restaurant\\\/en\\\/\",\"name\":\"Luther Restaurant\",\"description\":\"Gr\u00fc\u00df dich im Restaurant LUTHER Schladming! Genie\u00dfe unsere top Speisen &amp; Getr\u00e4nke in gem\u00fctlicher Atmosph\u00e4re - Komm &amp; lass dich verw\u00f6hnen!\",\"publisher\":{\"@id\":\"https:\\\/\\\/www.luther.restaurant\\\/en\\\/#organization\"},\"potentialAction\":[{\"@type\":\"SearchAction\",\"target\":{\"@type\":\"EntryPoint\",\"urlTemplate\":\"https:\\\/\\\/www.luther.restaurant\\\/en\\\/?s={search_term_string}\"},\"query-input\":{\"@type\":\"PropertyValueSpecification\",\"valueRequired\":true,\"valueName\":\"search_term_string\"}}],\"inLanguage\":\"en-US\"},{\"@type\":\"Organization\",\"@id\":\"https:\\\/\\\/www.luther.restaurant\\\/en\\\/#organization\",\"name\":\"Luther Restaurant\",\"url\":\"https:\\\/\\\/www.luther.restaurant\\\/en\\\/\",\"logo\":{\"@type\":\"ImageObject\",\"inLanguage\":\"en-US\",\"@id\":\"https:\\\/\\\/www.luther.restaurant\\\/en\\\/#\\\/schema\\\/logo\\\/image\\\/\",\"url\":\"https:\\\/\\\/www.luther.restaurant\\\/wp-content\\\/uploads\\\/2024\\\/10\\\/cropped-Luther_RGB.png\",\"contentUrl\":\"https:\\\/\\\/www.luther.restaurant\\\/wp-content\\\/uploads\\\/2024\\\/10\\\/cropped-Luther_RGB.png\",\"width\":512,\"height\":512,\"caption\":\"Luther Restaurant\"},\"image\":{\"@id\":\"https:\\\/\\\/www.luther.restaurant\\\/en\\\/#\\\/schema\\\/logo\\\/image\\\/\"}}]}<\/script>\n<!-- \/ Yoast SEO plugin. -->","yoast_head_json":{"title":"Contact us - Luther Restaurant Schladming - Alpiner Genuss, mediterraner Flair.","robots":{"index":"index","follow":"follow","max-snippet":"max-snippet:-1","max-image-preview":"max-image-preview:large","max-video-preview":"max-video-preview:-1"},"canonical":"https:\/\/www.luther.restaurant\/en\/contact-us\/","og_locale":"en_US","og_type":"article","og_title":"Contact us - Luther Restaurant Schladming - Alpiner Genuss, mediterraner Flair.","og_description":"Luther Alpenbrasserie &amp; Bar Hauptplatz 30, 8970 Schladming office@luther.restaurant &nbsp; Opening hours Tuesday to Thursday 12:00 &#8211; 24:00 Friday to Saturday 12:00 &#8211; 01:00","og_url":"https:\/\/www.luther.restaurant\/en\/contact-us\/","og_site_name":"Luther Restaurant Schladming - Alpiner Genuss, mediterraner Flair.","article_modified_time":"2024-11-13T21:21:58+00:00","twitter_card":"summary_large_image","twitter_misc":{"Est. reading time":"1 minute"},"schema":{"@context":"https:\/\/schema.org","@graph":[{"@type":"WebPage","@id":"https:\/\/www.luther.restaurant\/en\/contact-us\/","url":"https:\/\/www.luther.restaurant\/en\/contact-us\/","name":"Contact us - Luther Restaurant Schladming - Alpiner Genuss, mediterraner Flair.","isPartOf":{"@id":"https:\/\/www.luther.restaurant\/en\/#website"},"datePublished":"2024-10-26T12:22:44+00:00","dateModified":"2024-11-13T21:21:58+00:00","breadcrumb":{"@id":"https:\/\/www.luther.restaurant\/en\/contact-us\/#breadcrumb"},"inLanguage":"en-US","potentialAction":[{"@type":"ReadAction","target":["https:\/\/www.luther.restaurant\/en\/contact-us\/"]}]},{"@type":"BreadcrumbList","@id":"https:\/\/www.luther.restaurant\/en\/contact-us\/#breadcrumb","itemListElement":[{"@type":"ListItem","position":1,"name":"Startseite","item":"https:\/\/www.luther.restaurant\/en\/"},{"@type":"ListItem","position":2,"name":"Contact us"}]},{"@type":"WebSite","@id":"https:\/\/www.luther.restaurant\/en\/#website","url":"https:\/\/www.luther.restaurant\/en\/","name":"Luther Restaurant","description":"Gr\u00fc\u00df dich im Restaurant LUTHER Schladming! Genie\u00dfe unsere top Speisen &amp; Getr\u00e4nke in gem\u00fctlicher Atmosph\u00e4re - Komm &amp; lass dich verw\u00f6hnen!","publisher":{"@id":"https:\/\/www.luther.restaurant\/en\/#organization"},"potentialAction":[{"@type":"SearchAction","target":{"@type":"EntryPoint","urlTemplate":"https:\/\/www.luther.restaurant\/en\/?s={search_term_string}"},"query-input":{"@type":"PropertyValueSpecification","valueRequired":true,"valueName":"search_term_string"}}],"inLanguage":"en-US"},{"@type":"Organization","@id":"https:\/\/www.luther.restaurant\/en\/#organization","name":"Luther Restaurant","url":"https:\/\/www.luther.restaurant\/en\/","logo":{"@type":"ImageObject","inLanguage":"en-US","@id":"https:\/\/www.luther.restaurant\/en\/#\/schema\/logo\/image\/","url":"https:\/\/www.luther.restaurant\/wp-content\/uploads\/2024\/10\/cropped-Luther_RGB.png","contentUrl":"https:\/\/www.luther.restaurant\/wp-content\/uploads\/2024\/10\/cropped-Luther_RGB.png","width":512,"height":512,"caption":"Luther Restaurant"},"image":{"@id":"https:\/\/www.luther.restaurant\/en\/#\/schema\/logo\/image\/"}}]}},"_links":{"self":[{"href":"https:\/\/www.luther.restaurant\/en\/wp-json\/wp\/v2\/pages\/393","targetHints":{"allow":["GET"]}}],"collection":[{"href":"https:\/\/www.luther.restaurant\/en\/wp-json\/wp\/v2\/pages"}],"about":[{"href":"https:\/\/www.luther.restaurant\/en\/wp-json\/wp\/v2\/types\/page"}],"author":[{"embeddable":true,"href":"https:\/\/www.luther.restaurant\/en\/wp-json\/wp\/v2\/users\/1"}],"replies":[{"embeddable":true,"href":"https:\/\/www.luther.restaurant\/en\/wp-json\/wp\/v2\/comments?post=393"}],"version-history":[{"count":2,"href":"https:\/\/www.luther.restaurant\/en\/wp-json\/wp\/v2\/pages\/393\/revisions"}],"predecessor-version":[{"id":446,"href":"https:\/\/www.luther.restaurant\/en\/wp-json\/wp\/v2\/pages\/393\/revisions\/446"}],"wp:attachment":[{"href":"https:\/\/www.luther.restaurant\/en\/wp-json\/wp\/v2\/media?parent=393"}],"curies":[{"name":"wp","href":"https:\/\/api.w.org\/{rel}","templated":true}]}}