{"id":372,"date":"2024-10-29T15:50:15","date_gmt":"2024-10-29T14:50:15","guid":{"rendered":"https:\/\/www.luther.restaurant\/lunch-menu-menu-drinks\/"},"modified":"2026-03-06T14:09:50","modified_gmt":"2026-03-06T13:09:50","slug":"lunch-menu-menu-drinks","status":"publish","type":"page","link":"https:\/\/www.luther.restaurant\/en\/lunch-menu-menu-drinks\/","title":{"rendered":"Lunch menu, menu &amp; drinks"},"content":{"rendered":"","protected":false},"excerpt":{"rendered":"","protected":false},"author":1,"featured_media":0,"parent":0,"menu_order":0,"comment_status":"closed","ping_status":"closed","template":"templates\/speisekarte.php","meta":{"_acf_changed":false,"footnotes":""},"class_list":["post-372","page","type-page","status-publish","hentry"],"acf":[],"yoast_head":"<!-- This site is optimized with the Yoast SEO plugin v27.4 - https:\/\/yoast.com\/product\/yoast-seo-wordpress\/ -->\n<title>Lunch menu, menu &amp; drinks - Luther Restaurant Schladming - Alpiner Genuss, mediterraner Flair.<\/title>\n<meta name=\"robots\" content=\"index, follow, max-snippet:-1, max-image-preview:large, max-video-preview:-1\" \/>\n<link rel=\"canonical\" href=\"https:\/\/www.luther.restaurant\/en\/lunch-menu-menu-drinks\/\" \/>\n<meta property=\"og:locale\" content=\"en_US\" \/>\n<meta property=\"og:type\" content=\"article\" \/>\n<meta property=\"og:title\" content=\"Lunch menu, menu &amp; drinks - Luther Restaurant Schladming - Alpiner Genuss, mediterraner Flair.\" \/>\n<meta property=\"og:url\" content=\"https:\/\/www.luther.restaurant\/en\/lunch-menu-menu-drinks\/\" \/>\n<meta property=\"og:site_name\" content=\"Luther Restaurant Schladming - Alpiner Genuss, mediterraner Flair.\" \/>\n<meta property=\"article:modified_time\" content=\"2026-03-06T13:09:50+00:00\" \/>\n<meta name=\"twitter:card\" content=\"summary_large_image\" \/>\n<script type=\"application\/ld+json\" class=\"yoast-schema-graph\">{\"@context\":\"https:\\\/\\\/schema.org\",\"@graph\":[{\"@type\":\"WebPage\",\"@id\":\"https:\\\/\\\/www.luther.restaurant\\\/en\\\/lunch-menu-menu-drinks\\\/\",\"url\":\"https:\\\/\\\/www.luther.restaurant\\\/en\\\/lunch-menu-menu-drinks\\\/\",\"name\":\"Lunch menu, menu &amp; drinks - Luther Restaurant Schladming - Alpiner Genuss, mediterraner Flair.\",\"isPartOf\":{\"@id\":\"https:\\\/\\\/www.luther.restaurant\\\/en\\\/#website\"},\"datePublished\":\"2024-10-29T14:50:15+00:00\",\"dateModified\":\"2026-03-06T13:09:50+00:00\",\"breadcrumb\":{\"@id\":\"https:\\\/\\\/www.luther.restaurant\\\/en\\\/lunch-menu-menu-drinks\\\/#breadcrumb\"},\"inLanguage\":\"en-US\",\"potentialAction\":[{\"@type\":\"ReadAction\",\"target\":[\"https:\\\/\\\/www.luther.restaurant\\\/en\\\/lunch-menu-menu-drinks\\\/\"]}]},{\"@type\":\"BreadcrumbList\",\"@id\":\"https:\\\/\\\/www.luther.restaurant\\\/en\\\/lunch-menu-menu-drinks\\\/#breadcrumb\",\"itemListElement\":[{\"@type\":\"ListItem\",\"position\":1,\"name\":\"Startseite\",\"item\":\"https:\\\/\\\/www.luther.restaurant\\\/en\\\/\"},{\"@type\":\"ListItem\",\"position\":2,\"name\":\"Lunch menu, menu &amp; drinks\"}]},{\"@type\":\"WebSite\",\"@id\":\"https:\\\/\\\/www.luther.restaurant\\\/en\\\/#website\",\"url\":\"https:\\\/\\\/www.luther.restaurant\\\/en\\\/\",\"name\":\"Luther Restaurant\",\"description\":\"Gr\u00fc\u00df dich im Restaurant LUTHER Schladming! Genie\u00dfe unsere top Speisen &amp; Getr\u00e4nke in gem\u00fctlicher Atmosph\u00e4re - Komm &amp; lass dich verw\u00f6hnen!\",\"publisher\":{\"@id\":\"https:\\\/\\\/www.luther.restaurant\\\/en\\\/#organization\"},\"potentialAction\":[{\"@type\":\"SearchAction\",\"target\":{\"@type\":\"EntryPoint\",\"urlTemplate\":\"https:\\\/\\\/www.luther.restaurant\\\/en\\\/?s={search_term_string}\"},\"query-input\":{\"@type\":\"PropertyValueSpecification\",\"valueRequired\":true,\"valueName\":\"search_term_string\"}}],\"inLanguage\":\"en-US\"},{\"@type\":\"Organization\",\"@id\":\"https:\\\/\\\/www.luther.restaurant\\\/en\\\/#organization\",\"name\":\"Luther Restaurant\",\"url\":\"https:\\\/\\\/www.luther.restaurant\\\/en\\\/\",\"logo\":{\"@type\":\"ImageObject\",\"inLanguage\":\"en-US\",\"@id\":\"https:\\\/\\\/www.luther.restaurant\\\/en\\\/#\\\/schema\\\/logo\\\/image\\\/\",\"url\":\"https:\\\/\\\/www.luther.restaurant\\\/wp-content\\\/uploads\\\/2024\\\/10\\\/cropped-Luther_RGB.png\",\"contentUrl\":\"https:\\\/\\\/www.luther.restaurant\\\/wp-content\\\/uploads\\\/2024\\\/10\\\/cropped-Luther_RGB.png\",\"width\":512,\"height\":512,\"caption\":\"Luther Restaurant\"},\"image\":{\"@id\":\"https:\\\/\\\/www.luther.restaurant\\\/en\\\/#\\\/schema\\\/logo\\\/image\\\/\"}}]}<\/script>\n<!-- \/ Yoast SEO plugin. -->","yoast_head_json":{"title":"Lunch menu, menu &amp; drinks - Luther Restaurant Schladming - Alpiner Genuss, mediterraner Flair.","robots":{"index":"index","follow":"follow","max-snippet":"max-snippet:-1","max-image-preview":"max-image-preview:large","max-video-preview":"max-video-preview:-1"},"canonical":"https:\/\/www.luther.restaurant\/en\/lunch-menu-menu-drinks\/","og_locale":"en_US","og_type":"article","og_title":"Lunch menu, menu &amp; drinks - Luther Restaurant Schladming - Alpiner Genuss, mediterraner Flair.","og_url":"https:\/\/www.luther.restaurant\/en\/lunch-menu-menu-drinks\/","og_site_name":"Luther Restaurant Schladming - Alpiner Genuss, mediterraner Flair.","article_modified_time":"2026-03-06T13:09:50+00:00","twitter_card":"summary_large_image","schema":{"@context":"https:\/\/schema.org","@graph":[{"@type":"WebPage","@id":"https:\/\/www.luther.restaurant\/en\/lunch-menu-menu-drinks\/","url":"https:\/\/www.luther.restaurant\/en\/lunch-menu-menu-drinks\/","name":"Lunch menu, menu &amp; drinks - Luther Restaurant Schladming - Alpiner Genuss, mediterraner Flair.","isPartOf":{"@id":"https:\/\/www.luther.restaurant\/en\/#website"},"datePublished":"2024-10-29T14:50:15+00:00","dateModified":"2026-03-06T13:09:50+00:00","breadcrumb":{"@id":"https:\/\/www.luther.restaurant\/en\/lunch-menu-menu-drinks\/#breadcrumb"},"inLanguage":"en-US","potentialAction":[{"@type":"ReadAction","target":["https:\/\/www.luther.restaurant\/en\/lunch-menu-menu-drinks\/"]}]},{"@type":"BreadcrumbList","@id":"https:\/\/www.luther.restaurant\/en\/lunch-menu-menu-drinks\/#breadcrumb","itemListElement":[{"@type":"ListItem","position":1,"name":"Startseite","item":"https:\/\/www.luther.restaurant\/en\/"},{"@type":"ListItem","position":2,"name":"Lunch menu, menu &amp; drinks"}]},{"@type":"WebSite","@id":"https:\/\/www.luther.restaurant\/en\/#website","url":"https:\/\/www.luther.restaurant\/en\/","name":"Luther Restaurant","description":"Gr\u00fc\u00df dich im Restaurant LUTHER Schladming! Genie\u00dfe unsere top Speisen &amp; Getr\u00e4nke in gem\u00fctlicher Atmosph\u00e4re - Komm &amp; lass dich verw\u00f6hnen!","publisher":{"@id":"https:\/\/www.luther.restaurant\/en\/#organization"},"potentialAction":[{"@type":"SearchAction","target":{"@type":"EntryPoint","urlTemplate":"https:\/\/www.luther.restaurant\/en\/?s={search_term_string}"},"query-input":{"@type":"PropertyValueSpecification","valueRequired":true,"valueName":"search_term_string"}}],"inLanguage":"en-US"},{"@type":"Organization","@id":"https:\/\/www.luther.restaurant\/en\/#organization","name":"Luther Restaurant","url":"https:\/\/www.luther.restaurant\/en\/","logo":{"@type":"ImageObject","inLanguage":"en-US","@id":"https:\/\/www.luther.restaurant\/en\/#\/schema\/logo\/image\/","url":"https:\/\/www.luther.restaurant\/wp-content\/uploads\/2024\/10\/cropped-Luther_RGB.png","contentUrl":"https:\/\/www.luther.restaurant\/wp-content\/uploads\/2024\/10\/cropped-Luther_RGB.png","width":512,"height":512,"caption":"Luther Restaurant"},"image":{"@id":"https:\/\/www.luther.restaurant\/en\/#\/schema\/logo\/image\/"}}]}},"_links":{"self":[{"href":"https:\/\/www.luther.restaurant\/en\/wp-json\/wp\/v2\/pages\/372","targetHints":{"allow":["GET"]}}],"collection":[{"href":"https:\/\/www.luther.restaurant\/en\/wp-json\/wp\/v2\/pages"}],"about":[{"href":"https:\/\/www.luther.restaurant\/en\/wp-json\/wp\/v2\/types\/page"}],"author":[{"embeddable":true,"href":"https:\/\/www.luther.restaurant\/en\/wp-json\/wp\/v2\/users\/1"}],"replies":[{"embeddable":true,"href":"https:\/\/www.luther.restaurant\/en\/wp-json\/wp\/v2\/comments?post=372"}],"version-history":[{"count":1,"href":"https:\/\/www.luther.restaurant\/en\/wp-json\/wp\/v2\/pages\/372\/revisions"}],"predecessor-version":[{"id":453,"href":"https:\/\/www.luther.restaurant\/en\/wp-json\/wp\/v2\/pages\/372\/revisions\/453"}],"wp:attachment":[{"href":"https:\/\/www.luther.restaurant\/en\/wp-json\/wp\/v2\/media?parent=372"}],"curies":[{"name":"wp","href":"https:\/\/api.w.org\/{rel}","templated":true}]}}