{"id":367,"date":"2024-10-26T14:23:55","date_gmt":"2024-10-26T12:23:55","guid":{"rendered":"https:\/\/www.luther.restaurant\/jobs\/"},"modified":"2025-09-22T11:23:46","modified_gmt":"2025-09-22T09:23:46","slug":"jobs","status":"publish","type":"page","link":"https:\/\/www.luther.restaurant\/en\/jobs\/","title":{"rendered":"Jobs"},"content":{"rendered":"<p>Looking for a new challenge?<br \/>\nWe are looking for you!<\/p>\n<p>Chef de Rang, Commis de Rang, Deputy Restaurant Manager<\/p>\n<p>We are always on the lookout for talented kitchen, service and bar staff to join our team at Luther.<br \/>\nIf you want to be part of a committed and friendly team and enjoy your work, then send us your application and CV to <a href=\"mailto:office@luther.restaurant\">office@luther.restaurant<\/a><\/p>\n<p>We look forward to getting to know you.<\/p>\n","protected":false},"excerpt":{"rendered":"<p>Looking for a new challenge? We are looking for you! Chef de Rang, Commis de Rang, Deputy Restaurant Manager We are always on the lookout for talented kitchen, service and bar staff to join our team at Luther. If you want to be part of a committed and friendly team and enjoy your work, then [&hellip;]<\/p>\n","protected":false},"author":1,"featured_media":0,"parent":0,"menu_order":0,"comment_status":"closed","ping_status":"closed","template":"","meta":{"_acf_changed":false,"footnotes":""},"class_list":["post-367","page","type-page","status-publish","hentry"],"acf":[],"yoast_head":"<!-- This site is optimized with the Yoast SEO plugin v27.4 - https:\/\/yoast.com\/product\/yoast-seo-wordpress\/ -->\n<title>Jobs - Luther Restaurant Schladming - Alpiner Genuss, mediterraner Flair.<\/title>\n<meta name=\"robots\" content=\"index, follow, max-snippet:-1, max-image-preview:large, max-video-preview:-1\" \/>\n<link rel=\"canonical\" href=\"https:\/\/www.luther.restaurant\/en\/jobs\/\" \/>\n<meta property=\"og:locale\" content=\"en_US\" \/>\n<meta property=\"og:type\" content=\"article\" \/>\n<meta property=\"og:title\" content=\"Jobs - Luther Restaurant Schladming - Alpiner Genuss, mediterraner Flair.\" \/>\n<meta property=\"og:description\" content=\"Looking for a new challenge? We are looking for you! Chef de Rang, Commis de Rang, Deputy Restaurant Manager We are always on the lookout for talented kitchen, service and bar staff to join our team at Luther. If you want to be part of a committed and friendly team and enjoy your work, then [&hellip;]\" \/>\n<meta property=\"og:url\" content=\"https:\/\/www.luther.restaurant\/en\/jobs\/\" \/>\n<meta property=\"og:site_name\" content=\"Luther Restaurant Schladming - Alpiner Genuss, mediterraner Flair.\" \/>\n<meta property=\"article:modified_time\" content=\"2025-09-22T09:23:46+00:00\" \/>\n<meta name=\"twitter:card\" content=\"summary_large_image\" \/>\n<script type=\"application\/ld+json\" class=\"yoast-schema-graph\">{\"@context\":\"https:\\\/\\\/schema.org\",\"@graph\":[{\"@type\":\"WebPage\",\"@id\":\"https:\\\/\\\/www.luther.restaurant\\\/en\\\/jobs\\\/\",\"url\":\"https:\\\/\\\/www.luther.restaurant\\\/en\\\/jobs\\\/\",\"name\":\"Jobs - Luther Restaurant Schladming - Alpiner Genuss, mediterraner Flair.\",\"isPartOf\":{\"@id\":\"https:\\\/\\\/www.luther.restaurant\\\/en\\\/#website\"},\"datePublished\":\"2024-10-26T12:23:55+00:00\",\"dateModified\":\"2025-09-22T09:23:46+00:00\",\"breadcrumb\":{\"@id\":\"https:\\\/\\\/www.luther.restaurant\\\/en\\\/jobs\\\/#breadcrumb\"},\"inLanguage\":\"en-US\",\"potentialAction\":[{\"@type\":\"ReadAction\",\"target\":[\"https:\\\/\\\/www.luther.restaurant\\\/en\\\/jobs\\\/\"]}]},{\"@type\":\"BreadcrumbList\",\"@id\":\"https:\\\/\\\/www.luther.restaurant\\\/en\\\/jobs\\\/#breadcrumb\",\"itemListElement\":[{\"@type\":\"ListItem\",\"position\":1,\"name\":\"Startseite\",\"item\":\"https:\\\/\\\/www.luther.restaurant\\\/en\\\/\"},{\"@type\":\"ListItem\",\"position\":2,\"name\":\"Jobs\"}]},{\"@type\":\"WebSite\",\"@id\":\"https:\\\/\\\/www.luther.restaurant\\\/en\\\/#website\",\"url\":\"https:\\\/\\\/www.luther.restaurant\\\/en\\\/\",\"name\":\"Luther Restaurant\",\"description\":\"Gr\u00fc\u00df dich im Restaurant LUTHER Schladming! Genie\u00dfe unsere top Speisen &amp; Getr\u00e4nke in gem\u00fctlicher Atmosph\u00e4re - Komm &amp; lass dich verw\u00f6hnen!\",\"publisher\":{\"@id\":\"https:\\\/\\\/www.luther.restaurant\\\/en\\\/#organization\"},\"potentialAction\":[{\"@type\":\"SearchAction\",\"target\":{\"@type\":\"EntryPoint\",\"urlTemplate\":\"https:\\\/\\\/www.luther.restaurant\\\/en\\\/?s={search_term_string}\"},\"query-input\":{\"@type\":\"PropertyValueSpecification\",\"valueRequired\":true,\"valueName\":\"search_term_string\"}}],\"inLanguage\":\"en-US\"},{\"@type\":\"Organization\",\"@id\":\"https:\\\/\\\/www.luther.restaurant\\\/en\\\/#organization\",\"name\":\"Luther Restaurant\",\"url\":\"https:\\\/\\\/www.luther.restaurant\\\/en\\\/\",\"logo\":{\"@type\":\"ImageObject\",\"inLanguage\":\"en-US\",\"@id\":\"https:\\\/\\\/www.luther.restaurant\\\/en\\\/#\\\/schema\\\/logo\\\/image\\\/\",\"url\":\"https:\\\/\\\/www.luther.restaurant\\\/wp-content\\\/uploads\\\/2024\\\/10\\\/cropped-Luther_RGB.png\",\"contentUrl\":\"https:\\\/\\\/www.luther.restaurant\\\/wp-content\\\/uploads\\\/2024\\\/10\\\/cropped-Luther_RGB.png\",\"width\":512,\"height\":512,\"caption\":\"Luther Restaurant\"},\"image\":{\"@id\":\"https:\\\/\\\/www.luther.restaurant\\\/en\\\/#\\\/schema\\\/logo\\\/image\\\/\"}}]}<\/script>\n<!-- \/ Yoast SEO plugin. -->","yoast_head_json":{"title":"Jobs - Luther Restaurant Schladming - Alpiner Genuss, mediterraner Flair.","robots":{"index":"index","follow":"follow","max-snippet":"max-snippet:-1","max-image-preview":"max-image-preview:large","max-video-preview":"max-video-preview:-1"},"canonical":"https:\/\/www.luther.restaurant\/en\/jobs\/","og_locale":"en_US","og_type":"article","og_title":"Jobs - Luther Restaurant Schladming - Alpiner Genuss, mediterraner Flair.","og_description":"Looking for a new challenge? We are looking for you! Chef de Rang, Commis de Rang, Deputy Restaurant Manager We are always on the lookout for talented kitchen, service and bar staff to join our team at Luther. If you want to be part of a committed and friendly team and enjoy your work, then [&hellip;]","og_url":"https:\/\/www.luther.restaurant\/en\/jobs\/","og_site_name":"Luther Restaurant Schladming - Alpiner Genuss, mediterraner Flair.","article_modified_time":"2025-09-22T09:23:46+00:00","twitter_card":"summary_large_image","schema":{"@context":"https:\/\/schema.org","@graph":[{"@type":"WebPage","@id":"https:\/\/www.luther.restaurant\/en\/jobs\/","url":"https:\/\/www.luther.restaurant\/en\/jobs\/","name":"Jobs - Luther Restaurant Schladming - Alpiner Genuss, mediterraner Flair.","isPartOf":{"@id":"https:\/\/www.luther.restaurant\/en\/#website"},"datePublished":"2024-10-26T12:23:55+00:00","dateModified":"2025-09-22T09:23:46+00:00","breadcrumb":{"@id":"https:\/\/www.luther.restaurant\/en\/jobs\/#breadcrumb"},"inLanguage":"en-US","potentialAction":[{"@type":"ReadAction","target":["https:\/\/www.luther.restaurant\/en\/jobs\/"]}]},{"@type":"BreadcrumbList","@id":"https:\/\/www.luther.restaurant\/en\/jobs\/#breadcrumb","itemListElement":[{"@type":"ListItem","position":1,"name":"Startseite","item":"https:\/\/www.luther.restaurant\/en\/"},{"@type":"ListItem","position":2,"name":"Jobs"}]},{"@type":"WebSite","@id":"https:\/\/www.luther.restaurant\/en\/#website","url":"https:\/\/www.luther.restaurant\/en\/","name":"Luther Restaurant","description":"Gr\u00fc\u00df dich im Restaurant LUTHER Schladming! Genie\u00dfe unsere top Speisen &amp; Getr\u00e4nke in gem\u00fctlicher Atmosph\u00e4re - Komm &amp; lass dich verw\u00f6hnen!","publisher":{"@id":"https:\/\/www.luther.restaurant\/en\/#organization"},"potentialAction":[{"@type":"SearchAction","target":{"@type":"EntryPoint","urlTemplate":"https:\/\/www.luther.restaurant\/en\/?s={search_term_string}"},"query-input":{"@type":"PropertyValueSpecification","valueRequired":true,"valueName":"search_term_string"}}],"inLanguage":"en-US"},{"@type":"Organization","@id":"https:\/\/www.luther.restaurant\/en\/#organization","name":"Luther Restaurant","url":"https:\/\/www.luther.restaurant\/en\/","logo":{"@type":"ImageObject","inLanguage":"en-US","@id":"https:\/\/www.luther.restaurant\/en\/#\/schema\/logo\/image\/","url":"https:\/\/www.luther.restaurant\/wp-content\/uploads\/2024\/10\/cropped-Luther_RGB.png","contentUrl":"https:\/\/www.luther.restaurant\/wp-content\/uploads\/2024\/10\/cropped-Luther_RGB.png","width":512,"height":512,"caption":"Luther Restaurant"},"image":{"@id":"https:\/\/www.luther.restaurant\/en\/#\/schema\/logo\/image\/"}}]}},"_links":{"self":[{"href":"https:\/\/www.luther.restaurant\/en\/wp-json\/wp\/v2\/pages\/367","targetHints":{"allow":["GET"]}}],"collection":[{"href":"https:\/\/www.luther.restaurant\/en\/wp-json\/wp\/v2\/pages"}],"about":[{"href":"https:\/\/www.luther.restaurant\/en\/wp-json\/wp\/v2\/types\/page"}],"author":[{"embeddable":true,"href":"https:\/\/www.luther.restaurant\/en\/wp-json\/wp\/v2\/users\/1"}],"replies":[{"embeddable":true,"href":"https:\/\/www.luther.restaurant\/en\/wp-json\/wp\/v2\/comments?post=367"}],"version-history":[{"count":2,"href":"https:\/\/www.luther.restaurant\/en\/wp-json\/wp\/v2\/pages\/367\/revisions"}],"predecessor-version":[{"id":776,"href":"https:\/\/www.luther.restaurant\/en\/wp-json\/wp\/v2\/pages\/367\/revisions\/776"}],"wp:attachment":[{"href":"https:\/\/www.luther.restaurant\/en\/wp-json\/wp\/v2\/media?parent=367"}],"curies":[{"name":"wp","href":"https:\/\/api.w.org\/{rel}","templated":true}]}}